{"id":224,"date":"2026-02-16T19:49:44","date_gmt":"2026-02-16T18:49:44","guid":{"rendered":"https:\/\/poczuj-balans.pl\/?page_id=224"},"modified":"2026-03-23T15:47:59","modified_gmt":"2026-03-23T14:47:59","slug":"o-mnie","status":"publish","type":"page","link":"https:\/\/poczuj-balans.pl\/index.php\/o-mnie\/","title":{"rendered":"O mnie"},"content":{"rendered":"<div class=\"et_pb_section_0 et_pb_section et_section_regular et_block_section\">\n<div class=\"et_pb_row_0 et_pb_row et_block_row\">\n<div class=\"et_pb_column_0 et_pb_column et_pb_column_4_4 et-last-child et_block_column et_pb_css_mix_blend_mode_passthrough\">\n<div class=\"et_pb_text_0 et_pb_text et_pb_bg_layout_light et_pb_module et_block_module\"><div class=\"et_pb_text_inner\"><p><!-- wp:divi\/placeholder \/--><\/p>\n<\/div><\/div>\n<\/div>\n<\/div>\n<\/div>\n\n<div class=\"et_pb_section_1 et_pb_section et_section_regular et_flex_section\">\n<div class=\"et_pb_row_1 et_pb_row et_flex_row\">\n<div class=\"et_pb_column_1 et_pb_column et-last-child et_flex_column et_pb_css_mix_blend_mode_passthrough et_flex_column_24_24 et_flex_column_24_24_tablet et_flex_column_24_24_phone\">\n<div class=\"et_pb_text_1 et_pb_text et_pb_bg_layout_light et_pb_module et_block_module\"><div class=\"et_pb_text_inner\"><h1 style=\"text-align: center;\">O mnie<\/h1>\n<\/div>\n<div class=\"et_pb_text_2 et_pb_text et_pb_bg_layout_light et_pb_module et_block_module\"><div class=\"et_pb_text_inner\"><p style=\"text-align: center;\">Kim jestem<\/p>\n<\/div><\/div>\n\n<div class=\"et_pb_text_3 et_pb_text et_pb_bg_layout_light et_pb_module et_block_module\"><div class=\"et_pb_text_inner\"><p style=\"text-align: center;\">I czym si\u0119 zajmuj\u0119?<\/p>\n<\/div><\/div>\n<\/div>\n<\/div>\n<\/div>\n<\/div>\n\n<div class=\"et_pb_section_2 et_pb_section et_section_regular et_block_section\">\n<div class=\"et_pb_row_2 et_pb_row et_flex_row\">\n<div class=\"et_pb_column_2 et_pb_column et_flex_column et_pb_css_mix_blend_mode_passthrough et_flex_column_12_24 et_flex_column_12_24_tablet et_flex_column_24_24_phone\">\n<div class=\"et_pb_text_4 et_pb_text et_pb_bg_layout_light et_pb_module et_block_module\"><div class=\"et_pb_text_inner\"><p>Nazywam si\u0119 Anna Korzeniowska. Jestem instruktorem Wing Sing Tong Luohan Qigong Chen Family.<\/p>\n<p>Tradycyjna Medycyna Chi\u0144ska i filozofia Dalekiego Wschodu fascynuj\u0105 mnie od wielu lat, a swoj\u0105 przygod\u0119 z Tai Chi i Qigong rozpocz\u0119\u0142am w 2007 roku, ucz\u0119szczaj\u0105c na zaj\u0119cia u instruktor Haliny Kozio\u0142. Od tamtej pory nieustannie pog\u0142\u0119biam swoj\u0105 wiedz\u0119 w tym kierunku. Luohan Qigong \u0107wicz\u0119 od 2011 roku - najpierw pod okiem Sifu Grzegorza Ciembroniewicza a obecnie pod kierunkiem Sifu Joanny Skamla.\u00a0<\/p>\n<\/div><\/div>\n<\/div>\n\n<div class=\"et_pb_column_3 et_pb_column et-last-child et_flex_column et_pb_css_mix_blend_mode_passthrough et_flex_column_12_24 et_flex_column_12_24_tablet et_flex_column_24_24_phone\">\n<div class=\"et_pb_image_0 et_pb_image et_pb_module et_block_module\"><span class=\"et_pb_image_wrap\"><img loading=\"lazy\" decoding=\"async\" src=\"https:\/\/poczuj-balans.pl\/wp-content\/uploads\/2026\/03\/o_mnie.jpg\" title=\"o_mnie\" width=\"2560\" height=\"1709\" srcset=\"https:\/\/poczuj-balans.pl\/wp-content\/uploads\/2026\/03\/o_mnie.jpg 2560w, https:\/\/poczuj-balans.pl\/wp-content\/uploads\/2026\/03\/o_mnie-1280x855.jpg 1280w, https:\/\/poczuj-balans.pl\/wp-content\/uploads\/2026\/03\/o_mnie-980x654.jpg 980w, https:\/\/poczuj-balans.pl\/wp-content\/uploads\/2026\/03\/o_mnie-480x320.jpg 480w\" sizes=\"(min-width: 0px) and (max-width: 480px) 480px, (min-width: 481px) and (max-width: 980px) 980px, (min-width: 981px) and (max-width: 1280px) 1280px, (min-width: 1281px) 2560px, 100vw\" class=\"wp-image-71446\" \/><\/span><\/div>\n<\/div>\n<\/div>\n\n<div class=\"et_pb_row_3 et_pb_row et_flex_row\">\n<div class=\"et_pb_column_4 et_pb_column et-last-child et_flex_column et_pb_css_mix_blend_mode_passthrough et_flex_column_24_24 et_flex_column_24_24_tablet et_flex_column_24_24_phone\">\n<div class=\"et_pb_text_5 et_pb_text et_pb_bg_layout_light et_pb_module et_block_module\"><div class=\"et_pb_text_inner\"><p><span>Bior\u0119 systematycznie udzia\u0142 w zaj\u0119ciach grupy Master Class w Centrum Choy Lee Fut Chen Family w Krakowie, doskonal\u0105c moje umiej\u0119tno\u015bci, technik\u0119 oraz metodyk\u0119 nauczania. Od 2017 roku prowadz\u0119 zaj\u0119cia w Centrum Luohan Qigong filia O\u015bwi\u0119cim.<\/span><\/p>\n<p>Mia\u0142am zaszczyt uczestniczy\u0107 w seminariach prowadzonych przez Mistrza Chen Yong Fa, zar\u00f3wno w Polsce, jak i w Chinach. Dr Chen Yong Fa, jeden z najwybitniejszych wsp\u00f3\u0142cze\u015bnie \u017cyj\u0105cych wielkich mistrz\u00f3w, jest spadkobierc\u0105 ca\u0142ej wiedzy najbogatszego i najbardziej wszechstronnego systemu kung fu Choy Lee Fut oraz systemu Shaolin Luohan Qigong. Od 1984 roku mieszka w Sydney (Australia), gdzie prowadzi ciesz\u0105c\u0105 si\u0119 ogromnym powodzeniem klinik\u0119 tradycyjnej chi\u0144skiej medycyny. Kieruje \u015awiatow\u0105 Organizacj\u0105 Choy Lee Fut rodziny Chen oraz \u015awiatowym Centrum Luohan Qigong, dziel\u0105c si\u0119 do\u015bwiadczeniami z instruktorami na ca\u0142ym<br \/>\u015bwiecie. Wielki Mistrz Chen Yong Fa jest \u017cyj\u0105c\u0105 legend\u0105. Zale\u017cy mu na przekazaniu pe\u0142nego systemu Choy Lee Fut i Luohan Qigong nast\u0119pnym pokoleniom zachowuj\u0105cjego autentyczny charakter. Do po\u0142owy lat 80-tych pe\u0142ny system \u0107wiczyli jedynie najbli\u017csi cz\u0142onkowie rodziny Chen.<\/p>\n<p>Luohan Qigong to praktyka, kt\u00f3ra traktuje cz\u0142owieka jako ca\u0142o\u015b\u0107 \u2013 zar\u00f3wno fizycznie, jak i duchowo. G\u0142\u0119bokie, powolne oddechy wprowadz\u0105 w stan relaksacji, uwalniaj\u0105c umys\u0142 od nat\u0142oku my\u015bli. Mo\u017cna zapomnie\u0107 o zmartwieniach, by\u0107 tu i teraz, skupi\u0107 si\u0119 na tym, co naprawd\u0119 wa\u017cne. Regularne praktykowanie Luohan Qigong przynosi wiele korzy\u015bci dla zdrowia \u2013 wzmacnia cia\u0142o, utrzymuje elastyczno\u015b\u0107 mi\u0119\u015bni, \u015bci\u0119gien i staw\u00f3w oraz pobudza kr\u0105\u017cenia krwi i przep\u0142yw energii w ca\u0142ymciele, prez co przywraca w\u0142a\u015bciwe funkcje organizmu, \u0142agodzi zaburzenia w narz\u0105dach wewn\u0119trznych i poprawia odporno\u015b\u0107. Luohan Qigong to nie tylko fizyczny wysi\u0142ek; to droga do harmonijnego i pe\u0142nego spokoju \u017cycia.<\/p>\n<\/div><\/div>\n<\/div>\n<\/div>\n<\/div>\n\n<div class=\"et_pb_section_3 et_pb_section et_section_regular et_flex_section\">\n<div class=\"et_pb_row_4 et_pb_row et_flex_row\">\n<div class=\"et_pb_column_5 et_pb_column et-last-child et_flex_column et_pb_css_mix_blend_mode_passthrough et_flex_column_24_24 et_flex_column_24_24_tablet et_flex_column_24_24_phone\">\n<div class=\"et_pb_testimonial_0 et_pb_testimonial et_pb_testimonial_no_image et_pb_bg_layout_light et_pb_module et_flex_module\"><div class=\"et_pb_testimonial_inner\"><div class=\"et_pb_testimonial_description et_flex_module\"><div class=\"et_pb_testimonial_description_inner\"><div class=\"et_pb_testimonial_content\"><p>Spok\u00f3j jest \u017ar\u00f3d\u0142em wielkiej si\u0142y.<\/p>\n<\/div><\/div><div class=\"et_pb_testimonial_author\">Laozi <\/div><div class=\"et_pb_testimonial_meta\"><\/div><\/div><\/div><\/div>\n<\/div>\n<\/div>\n\n<div class=\"et_pb_row_5 et_pb_row et_flex_row\">\n<div class=\"et_pb_column_6 et_pb_column et-last-child et_flex_column et_pb_css_mix_blend_mode_passthrough et_flex_column_24_24 et_flex_column_24_24_tablet et_flex_column_24_24_phone\">\n<div class=\"et_pb_testimonial_1 et_pb_testimonial et_pb_testimonial_no_image et_pb_bg_layout_light et_pb_module et_flex_module\"><div class=\"et_pb_testimonial_inner\"><div class=\"et_pb_testimonial_description et_flex_module\"><div class=\"et_pb_testimonial_description_inner\"><div class=\"et_pb_testimonial_content\"><p><span>Zdrowie\u00a0jest\u00a0harmoni\u0105\u00a0mi\u0119dzy\u00a0cia\u0142em,\u00a0umys\u0142em\u00a0i\u00a0duchem.<\/span><\/p>\n<\/div><\/div><div class=\"et_pb_testimonial_author\">Hippokrates<\/div><div class=\"et_pb_testimonial_meta\"><\/div><\/div><\/div><\/div>\n<\/div>\n<\/div>\n<\/div>","protected":false},"excerpt":{"rendered":"","protected":false},"author":1,"featured_media":0,"parent":0,"menu_order":0,"comment_status":"closed","ping_status":"closed","template":"","meta":{"_acf_changed":false,"footnotes":""},"class_list":["post-224","page","type-page","status-publish","hentry"],"acf":[],"_links":{"self":[{"href":"https:\/\/poczuj-balans.pl\/index.php\/wp-json\/wp\/v2\/pages\/224","targetHints":{"allow":["GET"]}}],"collection":[{"href":"https:\/\/poczuj-balans.pl\/index.php\/wp-json\/wp\/v2\/pages"}],"about":[{"href":"https:\/\/poczuj-balans.pl\/index.php\/wp-json\/wp\/v2\/types\/page"}],"author":[{"embeddable":true,"href":"https:\/\/poczuj-balans.pl\/index.php\/wp-json\/wp\/v2\/users\/1"}],"replies":[{"embeddable":true,"href":"https:\/\/poczuj-balans.pl\/index.php\/wp-json\/wp\/v2\/comments?post=224"}],"version-history":[{"count":13,"href":"https:\/\/poczuj-balans.pl\/index.php\/wp-json\/wp\/v2\/pages\/224\/revisions"}],"predecessor-version":[{"id":71513,"href":"https:\/\/poczuj-balans.pl\/index.php\/wp-json\/wp\/v2\/pages\/224\/revisions\/71513"}],"wp:attachment":[{"href":"https:\/\/poczuj-balans.pl\/index.php\/wp-json\/wp\/v2\/media?parent=224"}],"curies":[{"name":"wp","href":"https:\/\/api.w.org\/{rel}","templated":true}]}}