{"id":232,"date":"2026-02-16T19:52:11","date_gmt":"2026-02-16T18:52:11","guid":{"rendered":"https:\/\/poczuj-balans.pl\/?page_id=232"},"modified":"2026-03-23T15:58:00","modified_gmt":"2026-03-23T14:58:00","slug":"quigong-i-tai-chi","status":"publish","type":"page","link":"https:\/\/poczuj-balans.pl\/index.php\/quigong-i-tai-chi\/","title":{"rendered":"Qigong i Tai Chi"},"content":{"rendered":"<div class=\"et_pb_section_0 et_pb_section et_section_regular et_block_section\">\n<div class=\"et_pb_row_0 et_pb_row et_block_row\">\n<div class=\"et_pb_column_0 et_pb_column et_pb_column_4_4 et-last-child et_block_column et_pb_css_mix_blend_mode_passthrough\">\n<div class=\"et_pb_text_0 et_pb_text et_pb_bg_layout_light et_pb_module et_block_module\"><div class=\"et_pb_text_inner\"><p><!-- wp:divi\/placeholder \/--><\/p>\n<\/div><\/div>\n<\/div>\n<\/div>\n<\/div>\n\n<div class=\"et_pb_section_1 et_pb_section et_section_regular et_flex_section\">\n<div class=\"et_pb_row_1 et_pb_row et_flex_row\">\n<div class=\"et_pb_column_1 et_pb_column et-last-child et_flex_column et_pb_css_mix_blend_mode_passthrough et_flex_column_24_24 et_flex_column_24_24_tablet et_flex_column_24_24_phone\">\n<div class=\"et_pb_text_1 et_pb_text et_pb_bg_layout_light et_pb_module et_block_module\"><div class=\"et_pb_text_inner\"><h1 style=\"text-align: center;\">Qigong &amp; Tai Chi<\/h1>\n<\/div>\n<div class=\"et_pb_text_2 et_pb_text et_pb_bg_layout_light et_pb_module et_block_module\"><div class=\"et_pb_text_inner\"><p style=\"text-align: center;\">Co to jest<\/p>\n<\/div><\/div>\n\n<div class=\"et_pb_text_3 et_pb_text et_pb_bg_layout_light et_pb_module et_block_module\"><div class=\"et_pb_text_inner\"><p style=\"text-align: center;\">I czym si\u0119 zajmuj\u0119?<\/p>\n<\/div><\/div>\n<\/div>\n<\/div>\n<\/div>\n<\/div>\n\n<div class=\"et_pb_section_2 et_pb_section et_section_regular et_flex_section\">\n<div class=\"et_pb_row_2 et_pb_row et_flex_row\">\n<div class=\"et_pb_column_2 et_pb_column et_flex_column et_pb_css_mix_blend_mode_passthrough et_flex_column_3_5 et_flex_column_3_5_tablet et_flex_column_24_24_phone\">\n<div class=\"et_pb_heading_0 et_pb_heading et_pb_module et_flex_module\"><div class=\"et_pb_heading_container\"><h1 class=\"et_pb_module_header\">Luohan Qigong<\/h1><\/div><\/div>\n\n<div class=\"et_pb_text_4 et_pb_text et_pb_bg_layout_light et_pb_module et_flex_module\"><div class=\"et_pb_text_inner\"><p>Qigong medyczny jest jednym z filar\u00f3w Tradycyjnej Medycyny Chi\u0144skiej. \u0141\u0105czy \u0142agodny ruch, \u015bwiadomy oddech i uwa\u017cno\u015b\u0107, tworz\u0105c praktyk\u0119, kt\u00f3ra harmonizuje cia\u0142o, umys\u0142 i emocje. W przeciwie\u0144stwie do dynamicznych sztuk walki, Luohan Qigong koncentruje si\u0119 na profilaktyce zdrowotnej, przywracaniu naturalnej r\u00f3wnowagi organizmu.<\/p>\n<p>Obejmuje zestaw sekwencji ruchowych, kt\u00f3re pobudzaj\u0105 kr\u0105\u017cenie energii qi w meridianach, rozlu\u017aniaj\u0105 napi\u0119cia i wspieraj\u0105 prac\u0119 narz\u0105d\u00f3w wewn\u0119trznych.<br \/>Ruchy poprawiaj\u0105 elastyczno\u015b\u0107 staw\u00f3w i \u015bci\u0119gien oraz koordynacj\u0119, jednocze\u015bnie nie obci\u0105\u017caj\u0105c nadmiernie uk\u0142adu mi\u0119\u015bniowoszkieletowego. Praca z oddechem wspiera lepsz\u0105 aktywacj\u0119 przepony, zwi\u0119ksza pojemno\u015b\u0107 oddechow\u0105 i wp\u0142ywa na stabilizacj\u0119 postawy, a uwa\u017cno\u015b\u0107 towarzysz\u0105ca praktyce pomaga wyciszy\u0107 umys\u0142, poprawi\u0107 koncentracj\u0119 i odzyska\u0107 poczucie wewn\u0119trznej r\u00f3wnowagi. Regularne \u0107wiczenia sprzyjaj\u0105 r\u00f3wnie\u017c poprawie jako\u015bci snu oraz \u0142agodzeniu dolegliwo\u015bci wynikaj\u0105cych z siedz\u0105cego trybu \u017cycia, takich jak sztywno\u015b\u0107 karku, przeci\u0105\u017cenia w odcinku l\u0119d\u017awiowym czy napi\u0119cia w obr\u0119bie bark\u00f3w.<\/p>\n<p>Luohan Qigong polega na powtarzaniu sekwencji ruchowych, kt\u00f3re anga\u017cuj\u0105 ca\u0142e cia\u0142o, ale nie wymagaj\u0105 du\u017cej si\u0142y ani intensywno\u015bci. Ruchy s\u0105 powtarzalne i \u0142atwe do zapami\u0119tania, co pozwala na stopniowe pog\u0142\u0119bianie praktyki oraz samodzielne \u0107wiczenie poza zaj\u0119ciami. Dzi\u0119ki temu metoda jest dost\u0119pna dla os\u00f3b w ka\u017cdym wieku, r\u00f3wnie\u017c dla tych, kt\u00f3re zmagaj\u0105 si\u0119 z ograniczeniami ruchowymi, s\u0105 w trakcie rekonwalescencji lub dopiero rozpoczynaj\u0105 swoj\u0105 przygod\u0119 z aktywno\u015bci\u0105 fizyczn\u0105.<\/p>\n<p>Luohan Qigong traktuje cz\u0142owieka jako kompletn\u0105 istot\u0119 zar\u00f3wno fizyczn\u0105, jak i duchow\u0105. G\u0142\u0119boki, powolny oddech tworzy spokojny i wolny od stresu umys\u0142, prowadz\u0105c do stanu relaksacji - stanu psychosomatycznego, kt\u00f3ry zapobiega marnowaniu energii i umo\u017cliwia jej swobodny przep\u0142yw. Koncentracja my\u015bli to skupienie uwagi na jednym punkcie. \u201ePomy\u015bl o jednej rzeczy, aby zapomnie\u0107 o 1000 innych.\u201d Skupiaj\u0105c umys\u0142, pomagamy chroni\u0107 nasz centralny uk\u0142ad nerwowy, filtrowa\u0107 informacje docieraj\u0105ce do m\u00f3zgu, aby m\u00f3g\u0142 on lepiej funkcjonowa\u0107. Mo\u017cemy wtedy skupi\u0107 si\u0119 na \u017cyciu tera\u017aniejszo\u015bci\u0105, bez marnowania energii na sprawy nieistotnych w danej sytuacji.<\/p>\n<\/div><\/div>\n<\/div>\n\n<div class=\"et_pb_column_3 et_pb_column et-last-child et_flex_column et_pb_css_mix_blend_mode_passthrough et_flex_column_2_5 et_flex_column_2_5_tablet et_flex_column_24_24_phone\">\n<div class=\"et_pb_image_0 et_pb_image et_pb_module et_block_module\"><span class=\"et_pb_image_wrap\"><img loading=\"lazy\" decoding=\"async\" src=\"https:\/\/poczuj-balans.pl\/wp-content\/uploads\/2026\/03\/DSC_9225-1.jpg\" title=\"DSC_9225 (1)\" width=\"2560\" height=\"2560\" srcset=\"https:\/\/poczuj-balans.pl\/wp-content\/uploads\/2026\/03\/DSC_9225-1.jpg 2560w, https:\/\/poczuj-balans.pl\/wp-content\/uploads\/2026\/03\/DSC_9225-1-1280x1280.jpg 1280w, https:\/\/poczuj-balans.pl\/wp-content\/uploads\/2026\/03\/DSC_9225-1-980x980.jpg 980w, https:\/\/poczuj-balans.pl\/wp-content\/uploads\/2026\/03\/DSC_9225-1-480x480.jpg 480w\" sizes=\"(min-width: 0px) and (max-width: 480px) 480px, (min-width: 481px) and (max-width: 980px) 980px, (min-width: 981px) and (max-width: 1280px) 1280px, (min-width: 1281px) 2560px, 100vw\" class=\"wp-image-71453\" \/><\/span><\/div>\n<\/div>\n<\/div>\n<\/div>\n\n<div class=\"et_pb_section_3 et_pb_section et_section_regular et_flex_section\">\n<div class=\"et_pb_row_3 et_pb_row et_flex_row\">\n<div class=\"et_pb_column_4 et_pb_column et_flex_column et_pb_css_mix_blend_mode_passthrough et_flex_column_2_5 et_flex_column_2_5_tablet et_flex_column_24_24_phone\">\n<div class=\"et_pb_image_1 et_pb_image et_pb_module et_block_module\"><span class=\"et_pb_image_wrap\"><img loading=\"lazy\" decoding=\"async\" src=\"https:\/\/poczuj-balans.pl\/wp-content\/uploads\/2026\/03\/DSC_0361-1-1.jpg\" title=\"DSC_0361 (1) (1)\" width=\"1515\" height=\"1515\" srcset=\"https:\/\/poczuj-balans.pl\/wp-content\/uploads\/2026\/03\/DSC_0361-1-1.jpg 1515w, https:\/\/poczuj-balans.pl\/wp-content\/uploads\/2026\/03\/DSC_0361-1-1-1280x1280.jpg 1280w, https:\/\/poczuj-balans.pl\/wp-content\/uploads\/2026\/03\/DSC_0361-1-1-980x980.jpg 980w, https:\/\/poczuj-balans.pl\/wp-content\/uploads\/2026\/03\/DSC_0361-1-1-480x480.jpg 480w\" sizes=\"(min-width: 0px) and (max-width: 480px) 480px, (min-width: 481px) and (max-width: 980px) 980px, (min-width: 981px) and (max-width: 1280px) 1280px, (min-width: 1281px) 1515px, 100vw\" class=\"wp-image-71452\" \/><\/span><\/div>\n<\/div>\n\n<div class=\"et_pb_column_5 et_pb_column et-last-child et_flex_column et_pb_css_mix_blend_mode_passthrough et_flex_column_3_5 et_flex_column_3_5_tablet et_flex_column_24_24_phone\">\n<div class=\"et_pb_heading_1 et_pb_heading et_pb_module et_flex_module\"><div class=\"et_pb_heading_container\"><h1 class=\"et_pb_module_header\">Tai Chi Chuan<\/h1><\/div><\/div>\n\n<div class=\"et_pb_text_5 et_pb_text et_pb_bg_layout_light et_pb_module et_flex_module\"><div class=\"et_pb_text_inner\"><div class=\"zw-paragraph\" data-width=\"604.992\" data-textformat=\"{&quot;size&quot;:12}\" doc-id=\"para_03628729025307519\" node-id=\"node_03093711920962755\">\n<div class=\"zw-line-div\" doc-id=\"line_014070608396339868\">\n<div class=\"zw-line-content\">Tai Chi Chuan stylu Yang to jedna z najbardziej rozpowszechnionych i przyst\u0119pnych styl\u00f3w tai chi, ceniona za p\u0142ynno\u015b\u0107 ruchu, \u0142agodno\u015b\u0107 i wyra\u017ane dzia\u0142anie prozdrowotne. Jest systemem zharmonizowanych, mi\u0119kkich, zaokr\u0105glonych ruch\u00f3w wykonywanych w spokojnym, nieprzerwanym rytmie.<\/div>\n<div class=\"zw-line-content\"><\/div>\n<div class=\"zw-line-content\">Charakterystyczne dla tego stylu s\u0105 szerokie, stabilne pozycje oraz powolne, harmonijne przej\u015bcia, kt\u00f3re pozwalaj\u0105 jednocze\u015bnie wzmacnia\u0107 cia\u0142o, poprawia\u0107 r\u00f3wnowag\u0119 i uspokaja\u0107 uk\u0142ad nerwowy. Ruch w Tai Chi jest wykonywany bez napi\u0119cia mi\u0119\u015bni a wyciszony umys\u0142 dzia\u0142a w harmonii z <br \/>ruchem cia\u0142a. Rozlu\u017anienie ca\u0142ego cia\u0142a powoduje zwi\u0119kszony efekt szybkiego odpoczynku. Ruch wp\u0142ywa na umys\u0142, kt\u00f3ry kszta\u0142tuje nasz\u0105 rzeczywisto\u015b\u0107 wewn\u0119trzn\u0105 oraz spojrzenie na otaczaj\u0105cy nas \u015bwiat. Regularne \u0107wiczenia wspieraj\u0105 mobilno\u015b\u0107 i elastyczno\u015b\u0107 staw\u00f3w, koordynacj\u0119 oraz og\u00f3ln\u0105 sprawno\u015b\u0107, a jednocze\u015bnie redukuj\u0105 napi\u0119cia wynikaj\u0105ce z przeci\u0105\u017cenia i stresu.<\/div>\n<div class=\"zw-line-content\"><\/div>\n<div class=\"zw-line-content\">Dzi\u0119ki \u0142agodnemu charakterowi styl Yang jest odpowiedni dla os\u00f3b w ka\u017cdym wieku i na ka\u017cdym poziomie sprawno\u015bci \u2014 zar\u00f3wno dla tych, kt\u00f3rzy szukaj\u0105 formy medytacji w ruchu, jak i dla os\u00f3b chc\u0105cych poprawi\u0107 zdrowie, postaw\u0119 i jako\u015b\u0107 codziennego \u017cycia.<\/div>\n<\/div>\n<\/div>\n<\/div><\/div>\n<\/div>\n<\/div>\n<\/div>","protected":false},"excerpt":{"rendered":"","protected":false},"author":1,"featured_media":0,"parent":0,"menu_order":0,"comment_status":"closed","ping_status":"closed","template":"","meta":{"_acf_changed":false,"footnotes":""},"class_list":["post-232","page","type-page","status-publish","hentry"],"acf":[],"_links":{"self":[{"href":"https:\/\/poczuj-balans.pl\/index.php\/wp-json\/wp\/v2\/pages\/232","targetHints":{"allow":["GET"]}}],"collection":[{"href":"https:\/\/poczuj-balans.pl\/index.php\/wp-json\/wp\/v2\/pages"}],"about":[{"href":"https:\/\/poczuj-balans.pl\/index.php\/wp-json\/wp\/v2\/types\/page"}],"author":[{"embeddable":true,"href":"https:\/\/poczuj-balans.pl\/index.php\/wp-json\/wp\/v2\/users\/1"}],"replies":[{"embeddable":true,"href":"https:\/\/poczuj-balans.pl\/index.php\/wp-json\/wp\/v2\/comments?post=232"}],"version-history":[{"count":11,"href":"https:\/\/poczuj-balans.pl\/index.php\/wp-json\/wp\/v2\/pages\/232\/revisions"}],"predecessor-version":[{"id":71515,"href":"https:\/\/poczuj-balans.pl\/index.php\/wp-json\/wp\/v2\/pages\/232\/revisions\/71515"}],"wp:attachment":[{"href":"https:\/\/poczuj-balans.pl\/index.php\/wp-json\/wp\/v2\/media?parent=232"}],"curies":[{"name":"wp","href":"https:\/\/api.w.org\/{rel}","templated":true}]}}